{"id":3324,"date":"2020-12-16T15:46:46","date_gmt":"2020-12-16T13:46:46","guid":{"rendered":"http:\/\/www.altesafety.com\/?post_type=product&#038;p=3324"},"modified":"2022-08-29T12:47:40","modified_gmt":"2022-08-29T10:47:40","slug":"suporte-basico-de-vida-desfibrilhacao-automatica-externa-sbv-dae","status":"publish","type":"product","link":"https:\/\/www.altesafety.co.mz\/en\/curso\/suporte-basico-de-vida-desfibrilhacao-automatica-externa-sbv-dae\/","title":{"rendered":"Basic Life Support &amp; External Automatic Defibrillation (SBV-DAE)"},"content":{"rendered":"<table>\n<tbody>\n<tr>\n<td><strong>OVERVIEW:<\/strong><\/td>\n<td>\n<ul type=\"disc\">\n<li class=\"v1MsoListParagraph\"><b>Clear and concise guidelines<\/b>\u00a0on how to perform RCP and use an DAE in different emergency settings;<\/li>\n<li class=\"v1MsoListParagraph\"><b>Essential information<\/b>\u00a0for first aid providers, presented in a clear and direct format;<\/li>\n<li class=\"v1MsoListParagraph\"><b>Exercise practice<\/b>\u00a0with step-by-step explanations of all the steps to follow in a CPR situation using DAE.<\/li>\n<\/ul>\n<\/td>\n<\/tr>\n<tr>\n<td><strong>CONTENTS:<\/strong><\/td>\n<td>\n<ul type=\"disc\">\n<li class=\"v1MsoListParagraph\">Chain of survival<\/li>\n<li class=\"v1MsoListParagraph\">Basic Life Support Algorithm in adults and children<\/li>\n<li class=\"v1MsoListParagraph\">Cardiorespiratory resuscitation in adults and children<\/li>\n<li class=\"v1MsoListParagraph\">Airway obstruction in adults and children<\/li>\n<li class=\"v1MsoListParagraph\">External Automatic Defibrillation<\/li>\n<li class=\"v1MsoListParagraph\">Precautions, complications and special situations in PCR<\/li>\n<\/ul>\n<\/td>\n<\/tr>\n<tr>\n<td><strong>DURATION:<\/strong><\/td>\n<td>07 Hours<\/td>\n<\/tr>\n<\/tbody>\n<\/table>","protected":false},"excerpt":{"rendered":"<p style=\"text-align: justify;\">Emergency Care &amp; Safety Institute (ECSI) course, developed based on the most recent International guidelines for Cardiorespiratory Resuscitation (CPR) and External Automatic Defibrillation (DAE)<\/p>\n<p><a href=\"https:\/\/altesafety.co.mz\/sbv_dae_07h.pdf\" target=\"_blank\" rel=\"noopener\"><img decoding=\"async\" class=\"alignnone wp-image-3306\" src=\"http:\/\/www.altesafety.com\/wp-content\/uploads\/2020\/12\/Brochura-e1608120124102-300x88.png\" alt=\"\" width=\"211\" height=\"62\" srcset=\"https:\/\/i0.wp.com\/www.altesafety.co.mz\/wp-content\/uploads\/2020\/12\/Brochura-e1608120124102.png?resize=300%2C88&amp;ssl=1 300w, https:\/\/i0.wp.com\/www.altesafety.co.mz\/wp-content\/uploads\/2020\/12\/Brochura-e1608120124102.png?w=593&amp;ssl=1 593w\" sizes=\"(max-width: 211px) 100vw, 211px\" \/><\/a><\/p>\n<p style=\"background-color: yellow;\"><strong>Inscri\u00e7\u00f5es Abertas at\u00e9 19 de Setembro de 2022<\/strong><br \/>\n<strong>Calend\u00e1rio: 26 de Setembro de 2022<\/strong><\/p>","protected":false},"featured_media":3299,"template":"","meta":{"ocean_post_layout":"","ocean_both_sidebars_style":"","ocean_both_sidebars_content_width":0,"ocean_both_sidebars_sidebars_width":0,"ocean_sidebar":"0","ocean_second_sidebar":"0","ocean_disable_margins":"enable","ocean_add_body_class":"","ocean_shortcode_before_top_bar":"","ocean_shortcode_after_top_bar":"","ocean_shortcode_before_header":"","ocean_shortcode_after_header":"","ocean_has_shortcode":"","ocean_shortcode_after_title":"","ocean_shortcode_before_footer_widgets":"","ocean_shortcode_after_footer_widgets":"","ocean_shortcode_before_footer_bottom":"","ocean_shortcode_after_footer_bottom":"","ocean_display_top_bar":"default","ocean_display_header":"default","ocean_header_style":"minimal","ocean_center_header_left_menu":"0","ocean_custom_header_template":"0","ocean_custom_logo":0,"ocean_custom_retina_logo":0,"ocean_custom_logo_max_width":0,"ocean_custom_logo_tablet_max_width":0,"ocean_custom_logo_mobile_max_width":0,"ocean_custom_logo_max_height":0,"ocean_custom_logo_tablet_max_height":0,"ocean_custom_logo_mobile_max_height":0,"ocean_header_custom_menu":"0","ocean_menu_typo_font_family":"0","ocean_menu_typo_font_subset":"","ocean_menu_typo_font_size":0,"ocean_menu_typo_font_size_tablet":0,"ocean_menu_typo_font_size_mobile":0,"ocean_menu_typo_font_size_unit":"px","ocean_menu_typo_font_weight":"","ocean_menu_typo_font_weight_tablet":"","ocean_menu_typo_font_weight_mobile":"","ocean_menu_typo_transform":"","ocean_menu_typo_transform_tablet":"","ocean_menu_typo_transform_mobile":"","ocean_menu_typo_line_height":0,"ocean_menu_typo_line_height_tablet":0,"ocean_menu_typo_line_height_mobile":0,"ocean_menu_typo_line_height_unit":"","ocean_menu_typo_spacing":0,"ocean_menu_typo_spacing_tablet":0,"ocean_menu_typo_spacing_mobile":0,"ocean_menu_typo_spacing_unit":"","ocean_menu_link_color":"","ocean_menu_link_color_hover":"","ocean_menu_link_color_active":"","ocean_menu_link_background":"","ocean_menu_link_hover_background":"","ocean_menu_link_active_background":"","ocean_menu_social_links_bg":"","ocean_menu_social_hover_links_bg":"","ocean_menu_social_links_color":"","ocean_menu_social_hover_links_color":"","ocean_disable_title":"on","ocean_disable_heading":"default","ocean_post_title":"","ocean_post_subheading":"","ocean_post_title_style":"","ocean_post_title_background_color":"","ocean_post_title_background":0,"ocean_post_title_bg_image_position":"","ocean_post_title_bg_image_attachment":"","ocean_post_title_bg_image_repeat":"","ocean_post_title_bg_image_size":"","ocean_post_title_height":0,"ocean_post_title_bg_overlay":0.5,"ocean_post_title_bg_overlay_color":"","ocean_disable_breadcrumbs":"off","ocean_breadcrumbs_color":"","ocean_breadcrumbs_separator_color":"","ocean_breadcrumbs_links_color":"","ocean_breadcrumbs_links_hover_color":"","ocean_display_footer_widgets":"default","ocean_display_footer_bottom":"default","ocean_custom_footer_template":"0","_joinchat":[]},"product_brand":[],"product_cat":[15],"product_tag":[],"class_list":{"0":"post-3324","1":"product","2":"type-product","3":"status-publish","4":"has-post-thumbnail","6":"product_cat-emergencia-e-socorro","8":"entry","9":"has-media","11":"first","12":"instock","13":"virtual","14":"purchasable","15":"product-type-simple","16":"has-product-nav","17":"col","18":"span_1_of_3","19":"owp-content-center","20":"item-entry","21":"owp-thumbs-layout-vertical","22":"owp-btn-normal","23":"owp-tabs-layout-horizontal","24":"has-no-thumbnails"},"jetpack_sharing_enabled":true,"_links":{"self":[{"href":"https:\/\/www.altesafety.co.mz\/en\/wp-json\/wp\/v2\/product\/3324","targetHints":{"allow":["GET"]}}],"collection":[{"href":"https:\/\/www.altesafety.co.mz\/en\/wp-json\/wp\/v2\/product"}],"about":[{"href":"https:\/\/www.altesafety.co.mz\/en\/wp-json\/wp\/v2\/types\/product"}],"wp:featuredmedia":[{"embeddable":true,"href":"https:\/\/www.altesafety.co.mz\/en\/wp-json\/wp\/v2\/media\/3299"}],"wp:attachment":[{"href":"https:\/\/www.altesafety.co.mz\/en\/wp-json\/wp\/v2\/media?parent=3324"}],"wp:term":[{"taxonomy":"product_brand","embeddable":true,"href":"https:\/\/www.altesafety.co.mz\/en\/wp-json\/wp\/v2\/product_brand?post=3324"},{"taxonomy":"product_cat","embeddable":true,"href":"https:\/\/www.altesafety.co.mz\/en\/wp-json\/wp\/v2\/product_cat?post=3324"},{"taxonomy":"product_tag","embeddable":true,"href":"https:\/\/www.altesafety.co.mz\/en\/wp-json\/wp\/v2\/product_tag?post=3324"}],"curies":[{"name":"wp","href":"https:\/\/api.w.org\/{rel}","templated":true}]}}