{"id":3298,"date":"2020-12-16T13:25:56","date_gmt":"2020-12-16T11:25:56","guid":{"rendered":"http:\/\/www.altesafety.com\/?post_type=product&#038;p=3298"},"modified":"2022-01-15T17:21:44","modified_gmt":"2022-01-15T15:21:44","slug":"primeiros-socorros-em-locais-remotos","status":"publish","type":"product","link":"https:\/\/www.altesafety.co.mz\/en\/curso\/primeiros-socorros-em-locais-remotos\/","title":{"rendered":"First Aid in remote locations"},"content":{"rendered":"<table style=\"border-collapse: collapse; width: 100%; height: 69px;\">\n<tbody>\n<tr style=\"height: 23px;\">\n<td style=\"width: 14.9299%; height: 23px;\"><strong>OVERVIEW:<\/strong><\/td>\n<td style=\"width: 85.0701%; height: 23px;\">\n<ul type=\"disc\">\n<li class=\"v1MsoListParagraph\"><span class=\"v1jsgrdq\"><b>Coverage of the RCP and ECC Guidelines<\/b><\/span><span class=\"v1jsgrdq\">\u00a0Updated<\/span><\/li>\n<li class=\"v1MsoListParagraph\"><span class=\"v1jsgrdq\"><b>Flowcharts<\/b><\/span><span class=\"v1jsgrdq\">\u00a0that reinforce the decision-making process and appropriate procedures;<\/span><\/li>\n<li class=\"v1MsoListParagraph\"><span class=\"v1jsgrdq\"><b>Decision tables<\/b><\/span><span class=\"v1jsgrdq\">\u00a0that provide a concise summary of what signs to look for and which and what treatment steps to take;<\/span><\/li>\n<li class=\"v1MsoListParagraph\"><span class=\"v1jsgrdq\"><b>Manual prepared<\/b><\/span><span class=\"v1jsgrdq\">\u00a0in collaboration between\u00a0<b>the Wilderness Medical Society<\/b>, the world's largest membership society dedicated to medical issues in remote areas, and\u00a0<b>the American Academy of Orthopaedic Surgeons<\/b>.<\/span><\/li>\n<\/ul>\n<\/td>\n<\/tr>\n<tr style=\"height: 23px;\">\n<td style=\"width: 14.9299%; height: 23px;\"><strong>CONTENTS:<\/strong><\/td>\n<td style=\"width: 85.0701%; height: 23px;\">\n<ul type=\"disc\">\n<li class=\"v1MsoListParagraph\">Introduction to First Aid in remote locations<\/li>\n<li class=\"v1MsoListParagraph\">Action in an emergency<\/li>\n<li class=\"v1MsoListParagraph\">Assessment of the victim and emergency care, including RCP<\/li>\n<li class=\"v1MsoListParagraph\">Care for bleeding, wounds and burns<\/li>\n<li class=\"v1MsoListParagraph\">Head and face injuries<\/li>\n<li class=\"v1MsoListParagraph\">Bone, joint and muscle injuries<\/li>\n<li class=\"v1MsoListParagraph\">Emergencies: Circulatory, Respiratory, Neurological, Abdominal, Diabetic and Allergic reactions<\/li>\n<li class=\"v1MsoListParagraph\">Physical and environmental risks<\/li>\n<li class=\"v1MsoListParagraph\">Poison, toxins and poisonous plants<\/li>\n<li class=\"v1MsoListParagraph\">Animal, snake, insect and arthropod bites and stings<\/li>\n<li class=\"v1MsoListParagraph\">Water emergencies<\/li>\n<\/ul>\n<\/td>\n<\/tr>\n<tr style=\"height: 23px;\">\n<td style=\"width: 14.9299%; height: 23px;\"><strong>DURATION:<\/strong><\/td>\n<td style=\"width: 85.0701%; height: 23px;\">35 Hours<\/td>\n<\/tr>\n<\/tbody>\n<\/table>","protected":false},"excerpt":{"rendered":"<p style=\"text-align: justify;\">Ideal course for those who live, travel, or work in remote locations. It provides essential information on what to look for and what to do in situations of common injuries and illnesses, when medical help is an hour or more away.<\/p>\n<p><a href=\"https:\/\/altesafety.co.mz\/primeiros_socorros_em_locais_remotos.pdf\" target=\"_blank\" rel=\"noopener\"><img decoding=\"async\" class=\"alignnone wp-image-3306\" src=\"http:\/\/www.altesafety.com\/wp-content\/uploads\/2020\/12\/Brochura-e1608120124102-300x88.png\" alt=\"\" width=\"211\" height=\"62\" srcset=\"https:\/\/i0.wp.com\/www.altesafety.co.mz\/wp-content\/uploads\/2020\/12\/Brochura-e1608120124102.png?resize=300%2C88&amp;ssl=1 300w, https:\/\/i0.wp.com\/www.altesafety.co.mz\/wp-content\/uploads\/2020\/12\/Brochura-e1608120124102.png?w=593&amp;ssl=1 593w\" sizes=\"(max-width: 211px) 100vw, 211px\" \/><\/a><\/p>\n<p style=\"background-color: yellow;\"><strong>Inscri\u00e7\u00f5es Abertas at\u00e9\u00a0 13 de Junho de 2022<\/strong><br \/>\n<strong>Calend\u00e1rio: 20 a 24 de Junho de 2022<\/strong><\/p>","protected":false},"featured_media":3303,"template":"","meta":{"ocean_post_layout":"","ocean_both_sidebars_style":"","ocean_both_sidebars_content_width":0,"ocean_both_sidebars_sidebars_width":0,"ocean_sidebar":"0","ocean_second_sidebar":"0","ocean_disable_margins":"enable","ocean_add_body_class":"","ocean_shortcode_before_top_bar":"","ocean_shortcode_after_top_bar":"","ocean_shortcode_before_header":"","ocean_shortcode_after_header":"","ocean_has_shortcode":"","ocean_shortcode_after_title":"","ocean_shortcode_before_footer_widgets":"","ocean_shortcode_after_footer_widgets":"","ocean_shortcode_before_footer_bottom":"","ocean_shortcode_after_footer_bottom":"","ocean_display_top_bar":"default","ocean_display_header":"default","ocean_header_style":"minimal","ocean_center_header_left_menu":"0","ocean_custom_header_template":"0","ocean_custom_logo":0,"ocean_custom_retina_logo":0,"ocean_custom_logo_max_width":0,"ocean_custom_logo_tablet_max_width":0,"ocean_custom_logo_mobile_max_width":0,"ocean_custom_logo_max_height":0,"ocean_custom_logo_tablet_max_height":0,"ocean_custom_logo_mobile_max_height":0,"ocean_header_custom_menu":"0","ocean_menu_typo_font_family":"0","ocean_menu_typo_font_subset":"","ocean_menu_typo_font_size":0,"ocean_menu_typo_font_size_tablet":0,"ocean_menu_typo_font_size_mobile":0,"ocean_menu_typo_font_size_unit":"px","ocean_menu_typo_font_weight":"","ocean_menu_typo_font_weight_tablet":"","ocean_menu_typo_font_weight_mobile":"","ocean_menu_typo_transform":"","ocean_menu_typo_transform_tablet":"","ocean_menu_typo_transform_mobile":"","ocean_menu_typo_line_height":0,"ocean_menu_typo_line_height_tablet":0,"ocean_menu_typo_line_height_mobile":0,"ocean_menu_typo_line_height_unit":"","ocean_menu_typo_spacing":0,"ocean_menu_typo_spacing_tablet":0,"ocean_menu_typo_spacing_mobile":0,"ocean_menu_typo_spacing_unit":"","ocean_menu_link_color":"","ocean_menu_link_color_hover":"","ocean_menu_link_color_active":"","ocean_menu_link_background":"","ocean_menu_link_hover_background":"","ocean_menu_link_active_background":"","ocean_menu_social_links_bg":"","ocean_menu_social_hover_links_bg":"","ocean_menu_social_links_color":"","ocean_menu_social_hover_links_color":"","ocean_disable_title":"on","ocean_disable_heading":"default","ocean_post_title":"","ocean_post_subheading":"","ocean_post_title_style":"","ocean_post_title_background_color":"","ocean_post_title_background":0,"ocean_post_title_bg_image_position":"","ocean_post_title_bg_image_attachment":"","ocean_post_title_bg_image_repeat":"","ocean_post_title_bg_image_size":"","ocean_post_title_height":0,"ocean_post_title_bg_overlay":0.5,"ocean_post_title_bg_overlay_color":"","ocean_disable_breadcrumbs":"off","ocean_breadcrumbs_color":"","ocean_breadcrumbs_separator_color":"","ocean_breadcrumbs_links_color":"","ocean_breadcrumbs_links_hover_color":"","ocean_display_footer_widgets":"default","ocean_display_footer_bottom":"default","ocean_custom_footer_template":"0","_joinchat":[]},"product_brand":[],"product_cat":[15],"product_tag":[],"class_list":{"0":"post-3298","1":"product","2":"type-product","3":"status-publish","4":"has-post-thumbnail","6":"product_cat-emergencia-e-socorro","8":"entry","9":"has-media","11":"first","12":"instock","13":"virtual","14":"purchasable","15":"product-type-simple","16":"has-product-nav","17":"col","18":"span_1_of_3","19":"owp-content-center","20":"item-entry","21":"owp-thumbs-layout-vertical","22":"owp-btn-normal","23":"owp-tabs-layout-horizontal","24":"has-no-thumbnails"},"jetpack_sharing_enabled":true,"_links":{"self":[{"href":"https:\/\/www.altesafety.co.mz\/en\/wp-json\/wp\/v2\/product\/3298","targetHints":{"allow":["GET"]}}],"collection":[{"href":"https:\/\/www.altesafety.co.mz\/en\/wp-json\/wp\/v2\/product"}],"about":[{"href":"https:\/\/www.altesafety.co.mz\/en\/wp-json\/wp\/v2\/types\/product"}],"wp:featuredmedia":[{"embeddable":true,"href":"https:\/\/www.altesafety.co.mz\/en\/wp-json\/wp\/v2\/media\/3303"}],"wp:attachment":[{"href":"https:\/\/www.altesafety.co.mz\/en\/wp-json\/wp\/v2\/media?parent=3298"}],"wp:term":[{"taxonomy":"product_brand","embeddable":true,"href":"https:\/\/www.altesafety.co.mz\/en\/wp-json\/wp\/v2\/product_brand?post=3298"},{"taxonomy":"product_cat","embeddable":true,"href":"https:\/\/www.altesafety.co.mz\/en\/wp-json\/wp\/v2\/product_cat?post=3298"},{"taxonomy":"product_tag","embeddable":true,"href":"https:\/\/www.altesafety.co.mz\/en\/wp-json\/wp\/v2\/product_tag?post=3298"}],"curies":[{"name":"wp","href":"https:\/\/api.w.org\/{rel}","templated":true}]}}