{"id":10915,"date":"2021-07-12T18:01:08","date_gmt":"2021-07-12T16:01:08","guid":{"rendered":"https:\/\/www.altesafety.com\/?post_type=product&#038;p=10915"},"modified":"2022-01-15T17:13:39","modified_gmt":"2022-01-15T15:13:39","slug":"pediatric-advanced-life-support-pals","status":"publish","type":"product","link":"https:\/\/www.altesafety.co.mz\/en\/curso\/pediatric-advanced-life-support-pals\/","title":{"rendered":"Pediatric Advanced Life Support (PALS)"},"content":{"rendered":"<table style=\"width: 100%;\">\n<tbody>\n<tr>\n<td style=\"width: 13.8277%;\"><strong>OVERVIEW:<\/strong><\/td>\n<td style=\"width: 85.4709%;\">\n<ul type=\"disc\">\n<li class=\"v1MsoListParagraph\"><span class=\"v1jsgrdq\"><b>Desenvolver habilidades<\/b><\/span><span class=\"v1jsgrdq\">\u00a0cognitivas e psicomotoras na ressuscita\u00e7\u00e3o e estabiliza\u00e7\u00e3o inicial da crian\u00e7a em fal\u00eancia respirat\u00f3ria, choque e\/ou paragem cardiorrespirat\u00f3ria.<\/span><\/li>\n<li class=\"v1MsoListParagraph\"><span class=\"v1jsgrdq\"><b>Aprender\u00a0<\/b><\/span><span class=\"v1jsgrdq\">a usar uma abordagem sistem\u00e1tica para avaliar rapidamente, identificar a causa subjacente e tratar crian\u00e7as em situa\u00e7\u00f5es de emerg\u00eancia.<\/span><\/li>\n<li class=\"v1MsoListParagraph\"><span class=\"v1jsgrdq\"><b>Aperfei\u00e7oar\u00a0<\/b><\/span><span class=\"v1jsgrdq\">a confian\u00e7a e n\u00edveis de qualifica\u00e7\u00e3o para a aplica\u00e7\u00e3o eficaz de cuidados de emerg\u00eancia na pediatria.<\/span><\/li>\n<\/ul>\n<\/td>\n<\/tr>\n<tr>\n<td style=\"width: 13.8277%;\"><strong>CONTENTS:<\/strong><\/td>\n<td style=\"width: 85.4709%;\">\n<ul type=\"disc\">\n<li class=\"v1MsoListParagraph\">Avalia\u00e7\u00e3o da crian\u00e7a e Trabalho em Equipa<\/li>\n<li class=\"v1MsoListParagraph\">Suporte B\u00e1sico de Vida Pedi\u00e1trico<\/li>\n<li class=\"v1MsoListParagraph\">Emerg\u00eancias Respirat\u00f3rias<\/li>\n<li class=\"v1MsoListParagraph\">Procedimentos na Gest\u00e3o de Emerg\u00eancias Respirat\u00f3rias<\/li>\n<li class=\"v1MsoListParagraph\">Reconhecimento e Tratamento do Choque<\/li>\n<li class=\"v1MsoListParagraph\">Bradicardias<\/li>\n<li class=\"v1MsoListParagraph\">Taquicardias<\/li>\n<li class=\"v1MsoListParagraph\">Paragem Cardiorrespirat\u00f3ria<\/li>\n<li class=\"v1MsoListParagraph\">(Algoritmo do SAVP em FV\/TV sem pulso\/assistolia\/AESP)<\/li>\n<li class=\"v1MsoListParagraph\">Acessos Vasculares na Pediatria (venoso e intra\u00f3sseo)<\/li>\n<li class=\"v1MsoListParagraph\">Pr\u00e1ticas de Habilidades de Alta Qualidade e Trabalho em Equipe<\/li>\n<li class=\"v1MsoListParagraph\">Avalia\u00e7\u00e3o Te\u00f3rica e de Compet\u00eancias T\u00e9cnicas.<\/li>\n<\/ul>\n<\/td>\n<\/tr>\n<tr>\n<td style=\"width: 13.8277%;\"><strong>DURATION:<\/strong><\/td>\n<td style=\"width: 85.4709%;\">15 Horas<\/td>\n<\/tr>\n<\/tbody>\n<\/table>","protected":false},"excerpt":{"rendered":"<p style=\"text-align: justify;\"><span class=\"v1jsgrdq\"><b>Pediatric Advanced Life Support<\/b><\/span><span class=\"v1jsgrdq\">\u00a0(PALS) da ASHI \u00e9 um programa de forma\u00e7\u00e3o baseado em cen\u00e1rios (casos cl\u00ednicos),\u00a0<b>destinado a treinar profissionais\u00a0<\/b>de sa\u00fade qualificados que\u00a0<b>gerem<\/b>\u00a0ou\u00a0<b>participam<\/b>\u00a0in\u00a0<b>emerg\u00eancias<\/b>\u00a0cardiopulmonares e ressuscita\u00e7\u00e3o\u00a0<b>em crian\u00e7as<\/b>. Este programa de forma\u00e7\u00e3o em\u00a0<b>Suporte Avan\u00e7ado de Vida Pedi\u00e1trico<\/b>\u00a0est\u00e1\u00a0<b>atualizado<\/b>\u00a0com diretrizes da AHA de 2020 para RCP e ECC.<\/span><\/p>\n<p><a href=\"https:\/\/www.altesafety.com\/pals_ashi_15h.pdf\" target=\"_blank\" rel=\"noopener\"><img decoding=\"async\" class=\"alignnone wp-image-3306\" src=\"https:\/\/www.altesafety.com\/wp-content\/uploads\/2020\/12\/Brochura-e1608120124102.png\" alt=\"\" width=\"215\" height=\"63\" srcset=\"https:\/\/i0.wp.com\/www.altesafety.co.mz\/wp-content\/uploads\/2020\/12\/Brochura-e1608120124102.png?w=593&amp;ssl=1 593w, https:\/\/i0.wp.com\/www.altesafety.co.mz\/wp-content\/uploads\/2020\/12\/Brochura-e1608120124102.png?resize=300%2C88&amp;ssl=1 300w\" sizes=\"(max-width: 215px) 100vw, 215px\" \/><\/a><\/p>\n<p style=\"background-color: yellow;\"><strong>Inscri\u00e7\u00f5es Abertas at\u00e9 27 de Maio de 2022<\/strong><br \/>\n<strong>Calend\u00e1rio: 03 e 04 de Junho de 2022<\/strong><\/p>","protected":false},"featured_media":10909,"template":"","meta":{"ocean_post_layout":"","ocean_both_sidebars_style":"","ocean_both_sidebars_content_width":0,"ocean_both_sidebars_sidebars_width":0,"ocean_sidebar":"0","ocean_second_sidebar":"0","ocean_disable_margins":"enable","ocean_add_body_class":"","ocean_shortcode_before_top_bar":"","ocean_shortcode_after_top_bar":"","ocean_shortcode_before_header":"","ocean_shortcode_after_header":"","ocean_has_shortcode":"","ocean_shortcode_after_title":"","ocean_shortcode_before_footer_widgets":"","ocean_shortcode_after_footer_widgets":"","ocean_shortcode_before_footer_bottom":"","ocean_shortcode_after_footer_bottom":"","ocean_display_top_bar":"default","ocean_display_header":"default","ocean_header_style":"minimal","ocean_center_header_left_menu":"0","ocean_custom_header_template":"0","ocean_custom_logo":0,"ocean_custom_retina_logo":0,"ocean_custom_logo_max_width":0,"ocean_custom_logo_tablet_max_width":0,"ocean_custom_logo_mobile_max_width":0,"ocean_custom_logo_max_height":0,"ocean_custom_logo_tablet_max_height":0,"ocean_custom_logo_mobile_max_height":0,"ocean_header_custom_menu":"0","ocean_menu_typo_font_family":"0","ocean_menu_typo_font_subset":"","ocean_menu_typo_font_size":0,"ocean_menu_typo_font_size_tablet":0,"ocean_menu_typo_font_size_mobile":0,"ocean_menu_typo_font_size_unit":"px","ocean_menu_typo_font_weight":"","ocean_menu_typo_font_weight_tablet":"","ocean_menu_typo_font_weight_mobile":"","ocean_menu_typo_transform":"","ocean_menu_typo_transform_tablet":"","ocean_menu_typo_transform_mobile":"","ocean_menu_typo_line_height":0,"ocean_menu_typo_line_height_tablet":0,"ocean_menu_typo_line_height_mobile":0,"ocean_menu_typo_line_height_unit":"","ocean_menu_typo_spacing":0,"ocean_menu_typo_spacing_tablet":0,"ocean_menu_typo_spacing_mobile":0,"ocean_menu_typo_spacing_unit":"","ocean_menu_link_color":"","ocean_menu_link_color_hover":"","ocean_menu_link_color_active":"","ocean_menu_link_background":"","ocean_menu_link_hover_background":"","ocean_menu_link_active_background":"","ocean_menu_social_links_bg":"","ocean_menu_social_hover_links_bg":"","ocean_menu_social_links_color":"","ocean_menu_social_hover_links_color":"","ocean_disable_title":"on","ocean_disable_heading":"default","ocean_post_title":"","ocean_post_subheading":"","ocean_post_title_style":"","ocean_post_title_background_color":"","ocean_post_title_background":0,"ocean_post_title_bg_image_position":"","ocean_post_title_bg_image_attachment":"","ocean_post_title_bg_image_repeat":"","ocean_post_title_bg_image_size":"","ocean_post_title_height":0,"ocean_post_title_bg_overlay":0.5,"ocean_post_title_bg_overlay_color":"","ocean_disable_breadcrumbs":"off","ocean_breadcrumbs_color":"","ocean_breadcrumbs_separator_color":"","ocean_breadcrumbs_links_color":"","ocean_breadcrumbs_links_hover_color":"","ocean_display_footer_widgets":"default","ocean_display_footer_bottom":"default","ocean_custom_footer_template":"0","_joinchat":[]},"product_brand":[],"product_cat":[15],"product_tag":[],"class_list":{"0":"post-10915","1":"product","2":"type-product","3":"status-publish","4":"has-post-thumbnail","6":"product_cat-emergencia-e-socorro","8":"entry","9":"has-media","11":"first","12":"instock","13":"virtual","14":"purchasable","15":"product-type-simple","16":"has-product-nav","17":"col","18":"span_1_of_3","19":"owp-content-center","20":"item-entry","21":"owp-thumbs-layout-vertical","22":"owp-btn-normal","23":"owp-tabs-layout-horizontal","24":"has-no-thumbnails"},"jetpack_sharing_enabled":true,"_links":{"self":[{"href":"https:\/\/www.altesafety.co.mz\/en\/wp-json\/wp\/v2\/product\/10915","targetHints":{"allow":["GET"]}}],"collection":[{"href":"https:\/\/www.altesafety.co.mz\/en\/wp-json\/wp\/v2\/product"}],"about":[{"href":"https:\/\/www.altesafety.co.mz\/en\/wp-json\/wp\/v2\/types\/product"}],"wp:featuredmedia":[{"embeddable":true,"href":"https:\/\/www.altesafety.co.mz\/en\/wp-json\/wp\/v2\/media\/10909"}],"wp:attachment":[{"href":"https:\/\/www.altesafety.co.mz\/en\/wp-json\/wp\/v2\/media?parent=10915"}],"wp:term":[{"taxonomy":"product_brand","embeddable":true,"href":"https:\/\/www.altesafety.co.mz\/en\/wp-json\/wp\/v2\/product_brand?post=10915"},{"taxonomy":"product_cat","embeddable":true,"href":"https:\/\/www.altesafety.co.mz\/en\/wp-json\/wp\/v2\/product_cat?post=10915"},{"taxonomy":"product_tag","embeddable":true,"href":"https:\/\/www.altesafety.co.mz\/en\/wp-json\/wp\/v2\/product_tag?post=10915"}],"curies":[{"name":"wp","href":"https:\/\/api.w.org\/{rel}","templated":true}]}}